{"id":110,"date":"2026-01-14T13:53:11","date_gmt":"2026-01-14T12:53:11","guid":{"rendered":"https:\/\/a360.pl\/?page_id=2"},"modified":"2026-01-14T13:53:11","modified_gmt":"2026-01-14T12:53:11","slug":"glowna-strona","status":"publish","type":"page","link":"https:\/\/www.mechmagic.com\/en\/glowna-strona\/","title":{"rendered":"Wirtualne spacery 3D"},"content":{"rendered":"\n<h2 class=\"wp-block-heading\">Wirtualne spacery 3D i zdj\u0119cia, kt\u00f3re sprzedaj\u0105 nieruchomo\u015bci i biznes<\/h2>\n\n\n\n<div class=\"wp-block-group is-nowrap is-layout-flex wp-container-core-group-is-layout-6c531013 wp-block-group-is-layout-flex\">\n<div class=\"wp-block-columns is-style-default has-accent-1-color has-contrast-background-color has-text-color has-background has-link-color has-medium-font-size wp-elements-175f3506e1c85a41c020cc25330fda65 wp-container-content-9cfa9a5a is-layout-flex wp-container-core-columns-is-layout-8d88fe0f wp-block-columns-is-layout-flex\" style=\"padding-top:var(--wp--preset--spacing--20);padding-bottom:var(--wp--preset--spacing--20)\">\n<div class=\"wp-block-column has-medium-font-size is-layout-flow wp-block-column-is-layout-flow\">\n<p><a href=\"https:\/\/www.mechmagic.com\/wirtualny-spacer-google-street-view\/\" data-type=\"post\" data-id=\"6030\">Wirtualny spacer Google Street View<\/a><\/p>\n<\/div>\n\n\n\n<div class=\"wp-block-column is-layout-flow wp-block-column-is-layout-flow\">\n<p><a href=\"https:\/\/www.mechmagic.com\/wirtualny-spacer-matterport\/\" data-type=\"post\" data-id=\"6044\">Wirtualny spacer Matterport 3D<\/a><\/p>\n<\/div>\n\n\n\n<div class=\"wp-block-column is-layout-flow wp-block-column-is-layout-flow\">\n<p><a href=\"https:\/\/www.mechmagic.com\/zdjecia-sferyczne-z-drona\/\" data-type=\"post\" data-id=\"6128\">Zdj\u0119cia sferyczne z drona \u2013 ruch na Facebooku<\/a><\/p>\n<\/div>\n\n\n\n<div class=\"wp-block-column is-layout-flow wp-block-column-is-layout-flow\">\n<p><a href=\"https:\/\/www.mechmagic.com\/wizytowka-twojej-firmy-w-google-maps\/\" data-type=\"post\" data-id=\"5990\">Wizyt\u00f3wka Twojej firmy w Google Maps<\/a><\/p>\n<\/div>\n<\/div>\n<\/div>\n\n\n\n<p><strong>Wirtualny Spacer 3D to skuteczny spos\u00f3b, aby Twoja firma by\u0142a widoczna tam, gdzie klienci naprawd\u0119 szukaj\u0105 us\u0142ug.<\/strong> <strong>Bez abonamentu i bez koszt\u00f3w hostingu<\/strong> \u2014 spacer wykonujemy raz i publikujemy bezpo\u015brednio w Google Street View na <a href=\"https:\/\/www.mechmagic.com\/wizytowka-google-moga-wiecej-niz-myslisz\/\" data-type=\"post\" data-id=\"5011\">wizyt\u00f3wce Twojej firmy<\/a>. Dzi\u0119ki temu natychmiast wzmacnia on Twoj\u0105 pozycj\u0119 w Google Maps oraz wszystkie powi\u0105zane kana\u0142y: stron\u0119 WWW, Facebook, Instagram, TikTok i YouTube.<\/p>\n\n\n\n<p>Efekt jest prosty: <strong>wi\u0119kszy ruch, d\u0142u\u017csze zaanga\u017cowanie u\u017cytkownik\u00f3w i realny wzrost liczby klient\u00f3w<\/strong>, kt\u00f3rzy mog\u0105 \u201ewej\u015b\u0107\u201d do Twojego biznesu jeszcze zanim fizycznie przekrocz\u0105 pr\u00f3g.<\/p>\n\n\n\n<div class=\"wp-block-columns is-layout-flex wp-container-core-columns-is-layout-28f84493 wp-block-columns-is-layout-flex\">\n<div class=\"wp-block-column is-layout-flow wp-block-column-is-layout-flow\">\n<figure class=\"wp-block-video\"><video autoplay loop muted poster=\"https:\/\/www.mechmagic.com\/wp-content\/uploads\/2024\/07\/psb-Mrowka-2-mov-image.jpg\" src=\"https:\/\/www.mechmagic.com\/wp-content\/uploads\/2026\/01\/psb-Mrowka-2.mov\" playsinline><\/video><\/figure>\n<\/div>\n\n\n\n<div class=\"wp-block-column is-layout-flow wp-block-column-is-layout-flow\">\n<div class=\"wp-block-group has-global-padding is-layout-constrained wp-block-group-is-layout-constrained\">\n<p>\ud83d\udd35 <strong><a href=\"https:\/\/www.mechmagic.com\/wycena\/\" data-type=\"page\" data-id=\"55\">Zam\u00f3w wycen\u0119<\/a><\/strong><\/p>\n\n\n\n<p>\u26aa <strong><a href=\"https:\/\/www.mechmagic.com\/demo\/\" data-type=\"page\" data-id=\"5760\">Zobacz demo<\/a><\/strong><\/p>\n\n\n\n<h3 class=\"wp-block-heading\"><strong>CO ROBIMY<\/strong><\/h3>\n\n\n\n<ul class=\"wp-block-list\">\n<li><a href=\"https:\/\/discover.matterport.com\/\" target=\"_blank\" rel=\"noreferrer noopener\">Wirtualne spacery 3D (Matterport)<\/a><\/li>\n\n\n\n<li>Zdj\u0119cia i <a href=\"https:\/\/www.mechmagic.com\/filmy\/\" data-type=\"page\" data-id=\"5797\">filmy<\/a> z drona<\/li>\n\n\n\n<li>Fotografia wn\u0119trz \/ architektury<\/li>\n\n\n\n<li>Obs\u0142uga inwestycji i firm<\/li>\n<\/ul>\n<\/div>\n<\/div>\n<\/div>\n\n\n\n<hr class=\"wp-block-separator has-alpha-channel-opacity\"\/>\n\n\n\n<div class=\"wp-block-columns is-layout-flex wp-container-core-columns-is-layout-28f84493 wp-block-columns-is-layout-flex\">\n<div class=\"wp-block-column is-layout-flow wp-block-column-is-layout-flow\">\n<div class=\"wp-block-group has-global-padding is-layout-constrained wp-block-group-is-layout-constrained\">\n<h3 class=\"wp-block-heading\"><strong>DLA KOGO<\/strong><\/h3>\n\n\n\n<ul class=\"wp-block-list\">\n<li>\ud83c\udfe2 Deweloperzy<\/li>\n\n\n\n<li>\ud83c\udfe0 Biura nieruchomo\u015bci<\/li>\n\n\n\n<li>\ud83c\udfe8 Hotele i apartamenty<\/li>\n\n\n\n<li>\ud83c\udfed Firmy \/ hale \/ magazyny<\/li>\n\n\n\n<li>\ud83c\udfeb Instytucje \/ szko\u0142y<\/li>\n<\/ul>\n<\/div>\n<\/div>\n\n\n\n<div class=\"wp-block-column is-layout-flow wp-block-column-is-layout-flow\">\n<iframe src=\"https:\/\/www.google.com\/maps\/embed?pb=!4v1768606367593!6m8!1m7!1sCAoSLEFGMVFpcE1KV1ZJMml2eUg2d2NBUTVHWDB4M08yYnlyN1pXaWVPYmVVY1d4!2m2!1d51.91180561106528!2d21.60068062703429!3f0!4f0!5f1.6015350941709188\" width=\"100%\" height=\"250\" style=\"border:0;\" allowfullscreen=\"\" loading=\"lazy\" referrerpolicy=\"no-referrer-when-downgrade\"><\/iframe>\n<\/div>\n<\/div>\n\n\n\n<hr class=\"wp-block-separator has-alpha-channel-opacity\"\/>\n\n\n\n<h3 class=\"wp-block-heading\"><strong>DLACZEGO A360?<\/strong><\/h3>\n\n\n\n<div class=\"wp-block-columns is-layout-flex wp-container-core-columns-is-layout-28f84493 wp-block-columns-is-layout-flex\">\n<div class=\"wp-block-column is-layout-flow wp-block-column-is-layout-flow\">\n<iframe src=\"https:\/\/www.google.com\/maps\/embed?pb=!4v1768568267514!6m8!1m7!1sCAoSHENJQUJJaENWQlhpajc2TndDdDZDcXBhWmN6UXY.!2m2!1d52.22487250482951!2d20.99179466618985!3f255.6943623537415!4f5.43097708825978!5f0.7820865974627469\" width=\"100%\" height=\"250\" style=\"border:0;\" allowfullscreen=\"\" loading=\"lazy\" referrerpolicy=\"no-referrer-when-downgrade\"><\/iframe>\n<\/div>\n\n\n\n<div class=\"wp-block-column is-layout-flow wp-block-column-is-layout-flow\">\n<ul class=\"wp-block-list\">\n<li>Certyfikowany Matterport Pro<\/li>\n\n\n\n<li>Realne przyk\u0142ady realizacji<\/li>\n\n\n\n<li>Szybkie terminy<\/li>\n\n\n\n<li>Obs\u0142uga ca\u0142ej Polski<\/li>\n\n\n\n<li>Do\u015bwiadczenie + technologia<\/li>\n<\/ul>\n<\/div>\n<\/div>\n\n\n\n<hr class=\"wp-block-separator has-alpha-channel-opacity\"\/>\n\n\n\n<div class=\"wp-block-columns is-layout-flex wp-container-core-columns-is-layout-28f84493 wp-block-columns-is-layout-flex\">\n<div class=\"wp-block-column is-layout-flow wp-block-column-is-layout-flow\">\n<div class=\"wp-block-group has-global-padding is-layout-constrained wp-block-group-is-layout-constrained\">\n<h3 class=\"wp-block-heading\"><strong>REALIZACJE (portfolio)<\/strong><\/h3>\n\n\n\n<ul class=\"wp-block-list\">\n<li><a href=\"https:\/\/www.mechmagic.com\/demo\/\" data-type=\"page\" data-id=\"5760\">Wirtualny spacer 360<\/a><\/li>\n\n\n\n<li>Nieruchomo\u015bci \/ biznes \/ dron<\/li>\n\n\n\n<li><strong>Zobacz pe\u0142ne<\/strong> <a href=\"https:\/\/www.mechmagic.com\/demo\/\" data-type=\"page\" data-id=\"5760\">Demo<\/a><strong>portfolio<\/strong><\/li>\n<\/ul>\n<\/div>\n<\/div>\n\n\n\n<div class=\"wp-block-column is-layout-flow wp-block-column-is-layout-flow\">\n<div class=\"wp-block-group has-global-padding is-layout-constrained wp-block-group-is-layout-constrained\">\n<h3 class=\"wp-block-heading\"><strong>JAK WYGL\u0104DA WSP\u00d3\u0141PRACA?<\/strong><\/h3>\n\n\n\n<ol class=\"wp-block-list\">\n<li>Kontakt i <a href=\"https:\/\/www.mechmagic.com\/brief\/\" data-type=\"page\" data-id=\"5908\">brief<\/a><\/li>\n\n\n\n<li><a href=\"https:\/\/www.mechmagic.com\/wycena\/\" data-type=\"page\" data-id=\"55\">Wycena<\/a><\/li>\n\n\n\n<li>Realizacja<\/li>\n\n\n\n<li>Gotowe materia\u0142y + publikacja<\/li>\n<\/ol>\n<\/div>\n<\/div>\n<\/div>\n\n\n\n<hr class=\"wp-block-separator has-alpha-channel-opacity\"\/>\n\n\n\n<blockquote class=\"wp-block-quote is-layout-flow wp-block-quote-is-layout-flow\">\n<p><strong>Chcesz zwi\u0119kszy\u0107 sprzeda\u017c lub zainteresowanie ofert\u0105?<\/strong><br>\ud83d\udc49 <a href=\"https:\/\/www.mechmagic.com\/wycena\/\" data-type=\"page\" data-id=\"55\">Zam\u00f3w bezp\u0142atn\u0105 wycen\u0119<\/a><\/p>\n<\/blockquote>\n\n\n\n<p><\/p>\n","protected":false},"excerpt":{"rendered":"<p>Wirtualne spacery 3D i zdj\u0119cia, kt\u00f3re sprzedaj\u0105 nieruchomo\u015bci i biznes Wirtualny spacer Google Street View Wirtualny spacer Matterport 3D Zdj\u0119cia sferyczne z drona \u2013 ruch na Facebooku Wizyt\u00f3wka Twojej firmy w Google Maps Wirtualny Spacer 3D to skuteczny spos\u00f3b, aby Twoja firma by\u0142a widoczna tam, gdzie klienci naprawd\u0119 szukaj\u0105 us\u0142ug. Bez abonamentu i bez koszt\u00f3w [&hellip;]<\/p>\n","protected":false},"author":1,"featured_media":0,"parent":0,"menu_order":0,"comment_status":"closed","ping_status":"closed","template":"","meta":{"footnotes":""},"class_list":["post-110","page","type-page","status-publish","hentry"],"_links":{"self":[{"href":"https:\/\/www.mechmagic.com\/en\/wp-json\/wp\/v2\/pages\/110","targetHints":{"allow":["GET"]}}],"collection":[{"href":"https:\/\/www.mechmagic.com\/en\/wp-json\/wp\/v2\/pages"}],"about":[{"href":"https:\/\/www.mechmagic.com\/en\/wp-json\/wp\/v2\/types\/page"}],"author":[{"embeddable":true,"href":"https:\/\/www.mechmagic.com\/en\/wp-json\/wp\/v2\/users\/1"}],"replies":[{"embeddable":true,"href":"https:\/\/www.mechmagic.com\/en\/wp-json\/wp\/v2\/comments?post=110"}],"version-history":[{"count":0,"href":"https:\/\/www.mechmagic.com\/en\/wp-json\/wp\/v2\/pages\/110\/revisions"}],"wp:attachment":[{"href":"https:\/\/www.mechmagic.com\/en\/wp-json\/wp\/v2\/media?parent=110"}],"curies":[{"name":"wp","href":"https:\/\/api.w.org\/{rel}","templated":true}]}}