{"id":6346,"date":"2026-02-17T00:39:42","date_gmt":"2026-02-16T23:39:42","guid":{"rendered":"https:\/\/a360.pl\/?page_id=6346"},"modified":"2026-02-17T00:39:42","modified_gmt":"2026-02-16T23:39:42","slug":"rejestracja","status":"publish","type":"page","link":"https:\/\/www.mechmagic.com\/en\/rejestracja\/","title":{"rendered":"Rejestracja"},"content":{"rendered":"\n<p>Masz ochot\u0119 za\u0142o\u017cy\u0107 konto na naszej stronie? Je\u015bli nie jeste\u015b spammerem \u2014 wchod\u017a \u015bmia\u0142o!<\/p>\n\n\n\n<p>Link do <a href=\"https:\/\/www.mechmagic.com\/rejestracja-2\/\" data-type=\"link\" data-id=\"https:\/\/a360.pl\/rejestracja-2\/\">Rejestracja<\/a><\/p>\n","protected":false},"excerpt":{"rendered":"<p>Masz ochot\u0119 za\u0142o\u017cy\u0107 konto na naszej stronie? Je\u015bli nie jeste\u015b spammerem \u2014 wchod\u017a \u015bmia\u0142o! Link do Rejestracja<\/p>\n","protected":false},"author":1,"featured_media":0,"parent":0,"menu_order":0,"comment_status":"closed","ping_status":"closed","template":"","meta":{"footnotes":""},"class_list":["post-6346","page","type-page","status-publish","hentry"],"_links":{"self":[{"href":"https:\/\/www.mechmagic.com\/en\/wp-json\/wp\/v2\/pages\/6346","targetHints":{"allow":["GET"]}}],"collection":[{"href":"https:\/\/www.mechmagic.com\/en\/wp-json\/wp\/v2\/pages"}],"about":[{"href":"https:\/\/www.mechmagic.com\/en\/wp-json\/wp\/v2\/types\/page"}],"author":[{"embeddable":true,"href":"https:\/\/www.mechmagic.com\/en\/wp-json\/wp\/v2\/users\/1"}],"replies":[{"embeddable":true,"href":"https:\/\/www.mechmagic.com\/en\/wp-json\/wp\/v2\/comments?post=6346"}],"version-history":[{"count":0,"href":"https:\/\/www.mechmagic.com\/en\/wp-json\/wp\/v2\/pages\/6346\/revisions"}],"wp:attachment":[{"href":"https:\/\/www.mechmagic.com\/en\/wp-json\/wp\/v2\/media?parent=6346"}],"curies":[{"name":"wp","href":"https:\/\/api.w.org\/{rel}","templated":true}]}}