{"id":6110,"date":"2026-01-21T13:01:59","date_gmt":"2026-01-21T12:01:59","guid":{"rendered":"https:\/\/a360.pl\/?post_type=product&amp;p=6110"},"modified":"2026-01-21T13:01:59","modified_gmt":"2026-01-21T12:01:59","slug":"wirtualny-spacer-3d-matterport-z-gsv","status":"publish","type":"product","link":"https:\/\/www.mechmagic.com\/en\/produkt\/wirtualny-spacer-3d-matterport-z-gsv\/","title":{"rendered":"Wirtualny spacer 3D Matterport z GSV"},"content":{"rendered":"<div>Wirtualny spacer 3D Matterport z publikacj\u0105 w Google Street View to kompleksowa us\u0142uga, kt\u00f3ra pozwala twojej firmie wyr\u00f3\u017cni\u0107 si\u0119 w Mapach Google i przyci\u0105gn\u0105\u0107 wi\u0119cej klient\u00f3w. Oferuje immersyjne zwiedzanie lokalu w wysokiej jako\u015bci 3D, dost\u0119pne bezpo\u015brednio z wizyt\u00f3wki Google.<\/div>\n<div>Kluczowe cechy<\/div>\n<div>\u2022Pe\u0142ne skanowanie Matterport: Precyzyjne modele 3D z pomiarem powierzchni, planem pi\u0119tra i interaktywnymi punktami widokowymi \u2013 idealne dla restauracji, biur, hoteli.<\/div>\n<div>\u2022Publikacja w GSV: Spacer osadzony w Google Street View i wizyt\u00f3wce Google My Business \u2013 klienci wchodz\u0105 jednym klikni\u0119ciem z Map Google.<\/div>\n<div>\u2022Wieloplatformowa dost\u0119pno\u015b\u0107: Udost\u0119pnianie na stronie WWW, Facebooku, Instagramie + linki do udost\u0119pniania.<\/div>\n<div>Korzy\u015bci dla biznesu<\/div>\n<div>\u2022Zwi\u0119ksza zaufanie klient\u00f3w o 40\u201370% dzi\u0119ki podgl\u0105dowi \u201cod \u015brodka\u201d przed wizyt\u0105.<\/div>\n<div>\u2022Poprawia pozycj\u0119 w lokalnych wyszukiwaniach Google (wi\u0119cej czasu na stronie = wy\u017cszy ranking).<\/div>\n<div>\u2022Trwa\u0142e rozwi\u0105zanie: raz zrobione, dost\u0119pne latami bez dodatkowych koszt\u00f3w.<\/div>\n<div>Proces realizacji<\/div>\n<div>1.Dojazd i skanowanie (1\u20134h w zale\u017cno\u015bci od metra\u017cu).<\/div>\n<div>2.Przetworzenie modelu 3D (24\u201348h).<\/div>\n<div>3.Publikacja w Matterport + przes\u0142anie do Google Street View z twoim kontem GMB.<\/div>\n","protected":false},"excerpt":{"rendered":"<p>Wirtualny spacer 3D Matterport z publikacj\u0105 w Google Street View to kompleksowa us\u0142uga, kt\u00f3ra pozwala twojej firmie wyr\u00f3\u017cni\u0107 si\u0119 w Mapach Google i przyci\u0105gn\u0105\u0107 wi\u0119cej klient\u00f3w. Oferuje immersyjne zwiedzanie lokalu w wysokiej jako\u015bci 3D, dost\u0119pne bezpo\u015brednio z wizyt\u00f3wki Google.<\/p>\n","protected":false},"featured_media":6042,"comment_status":"closed","ping_status":"closed","template":"","meta":[],"product_brand":[],"product_cat":[16],"product_tag":[],"class_list":{"0":"post-6110","1":"product","2":"type-product","3":"status-publish","4":"has-post-thumbnail","6":"product_cat-bez-kategorii","8":"first","9":"instock","10":"taxable","11":"shipping-taxable","12":"product-type-variable"},"_links":{"self":[{"href":"https:\/\/www.mechmagic.com\/en\/wp-json\/wp\/v2\/product\/6110","targetHints":{"allow":["GET"]}}],"collection":[{"href":"https:\/\/www.mechmagic.com\/en\/wp-json\/wp\/v2\/product"}],"about":[{"href":"https:\/\/www.mechmagic.com\/en\/wp-json\/wp\/v2\/types\/product"}],"replies":[{"embeddable":true,"href":"https:\/\/www.mechmagic.com\/en\/wp-json\/wp\/v2\/comments?post=6110"}],"wp:featuredmedia":[{"embeddable":true,"href":"https:\/\/www.mechmagic.com\/en\/wp-json\/"}],"wp:attachment":[{"href":"https:\/\/www.mechmagic.com\/en\/wp-json\/wp\/v2\/media?parent=6110"}],"wp:term":[{"taxonomy":"product_brand","embeddable":true,"href":"https:\/\/www.mechmagic.com\/en\/wp-json\/wp\/v2\/product_brand?post=6110"},{"taxonomy":"product_cat","embeddable":true,"href":"https:\/\/www.mechmagic.com\/en\/wp-json\/wp\/v2\/product_cat?post=6110"},{"taxonomy":"product_tag","embeddable":true,"href":"https:\/\/www.mechmagic.com\/en\/wp-json\/wp\/v2\/product_tag?post=6110"}],"curies":[{"name":"wp","href":"https:\/\/api.w.org\/{rel}","templated":true}]}}